{"id":6103,"date":"2019-04-25T10:32:30","date_gmt":"2019-04-25T10:32:30","guid":{"rendered":"https:\/\/visitmalaga.eu\/activities\/"},"modified":"2025-02-01T10:50:02","modified_gmt":"2025-02-01T10:50:02","slug":"atracciones","status":"publish","type":"page","link":"https:\/\/visitmalaga.eu\/es\/atracciones\/","title":{"rendered":"Mejores atracciones de M\u00e1laga"},"content":{"rendered":"<div class=\"wpb-content-wrapper\"><p>[vc_row][vc_column css=\u00bb.vc_custom_1738278216339{background-color: #f8c335 !important;background-position: center !important;background-repeat: no-repeat !important;background-size: cover !important;}\u00bb][vc_row_inner][vc_column_inner width=\u00bb1\/3&#8243;][vc_raw_js]JTNDc2NyaXB0JTIwYXN5bmMlMjBzcmMlM0QlMjJodHRwcyUzQSUyRiUyRmM4OS50cmF2ZWxwYXlvdXRzLmNvbSUyRmNvbnRlbnQlM0ZjdXJyZW5jeSUzREVVUiUyNnRycyUzRDE4NTI2MSUyNnNobWFya2VyJTNEMjQwMDEwJTI2cHJvZHVjdCUzRDk3ODYzNSUyNmxhbmd1YWdlJTNEZXMlMjZsYXlvdXQlM0R2ZXJ0aWNhbCUyNnBvd2VyZWRfYnklM0RmYWxzZSUyNnByb21vX2lkJTNEMzk0OCUyMiUyMGNoYXJzZXQlM0QlMjJ1dGYtOCUyMiUzRSUzQyUyRnNjcmlwdCUzRQ==[\/vc_raw_js][\/vc_column_inner][vc_column_inner width=\u00bb1\/3&#8243;][vc_raw_js]JTNDc2NyaXB0JTIwYXN5bmMlMjBzcmMlM0QlMjJodHRwcyUzQSUyRiUyRmM4OS50cmF2ZWxwYXlvdXRzLmNvbSUyRmNvbnRlbnQlM0ZjdXJyZW5jeSUzREVVUiUyNnRycyUzRDE4NTI2MSUyNnNobWFya2VyJTNEMjQwMDEwJTI2cHJvZHVjdCUzRDEwMDMwODUlMjZsYW5ndWFnZSUzRGVzJTI2bGF5b3V0JTNEdmVydGljYWwlMjZwb3dlcmVkX2J5JTNEZmFsc2UlMjZwcm9tb19pZCUzRDM5NDglMjIlMjBjaGFyc2V0JTNEJTIydXRmLTglMjIlM0UlM0MlMkZzY3JpcHQlM0U=[\/vc_raw_js][\/vc_column_inner][vc_column_inner width=\u00bb1\/3&#8243;][vc_raw_js]JTNDc2NyaXB0JTIwYXN5bmMlMjBzcmMlM0QlMjJodHRwcyUzQSUyRiUyRmM4OS50cmF2ZWxwYXlvdXRzLmNvbSUyRmNvbnRlbnQlM0ZjdXJyZW5jeSUzREVVUiUyNnRycyUzRDE4NTI2MSUyNnNobWFya2VyJTNEMjQwMDEwJTI2cHJvZHVjdCUzRDExMDA2ODUlMjZsYW5ndWFnZSUzRGVzJTI2bGF5b3V0JTNEdmVydGljYWwlMjZwb3dlcmVkX2J5JTNEZmFsc2UlMjZwcm9tb19pZCUzRDM5NDglMjIlMjBjaGFyc2V0JTNEJTIydXRmLTglMjIlM0UlM0MlMkZzY3JpcHQlM0U=[\/vc_raw_js][\/vc_column_inner][\/vc_row_inner][\/vc_column][\/vc_row][vc_row][vc_column][vc_empty_space]<div data-id='2971288200' data-background-color='' data-icon-color='#000' data-heading-color='#000000' data-border-color='#000000' data-icon-position='left' data-heading-position='left' data-heading-tags='h1' class='bit-pb-heading'><h1  class=' top-bordered bit14-heading' style=''>Experiencias Inolvidables en M\u00e1laga<\/h1><\/div>[vc_raw_js]JTNDc2NyaXB0JTIwYXN5bmMlMjBzcmMlM0QlMjJodHRwcyUzQSUyRiUyRmM4OS50cmF2ZWxwYXlvdXRzLmNvbSUyRmNvbnRlbnQlM0ZjdXJyZW5jeSUzREVVUiUyNnRycyUzRDE4NTI2MSUyNnNobWFya2VyJTNEMjQwMDEwJTI2cHJvZHVjdCUzRDk3NDY1MiUyNTJDOTc4NjM1JTI1MkM5NzQ2NTElMjUyQzEwMzA2MTYlMjUyQzEwMDY0ODYlMjZsYW5ndWFnZSUzRGVzJTI2bGF5b3V0JTNEdmVydGljYWwlMjZwb3dlcmVkX2J5JTNEZmFsc2UlMjZwcm9tb19pZCUzRDM5NDglMjIlMjBjaGFyc2V0JTNEJTIydXRmLTglMjIlM0UlM0MlMkZzY3JpcHQlM0U=[\/vc_raw_js][vc_empty_space][vc_cta h2=\u00bbAqu\u00ed est\u00e1n cinco de los principales monumentos de M\u00e1laga:\u00bb style=\u00bbcustom\u00bb custom_background=\u00bb#f8c335&#8243;]<\/p>\n<ol>\n<li>\n<ol>\n<li><strong>Alcazaba de M\u00e1laga<\/strong>: Una fortaleza morisca bien conservada del siglo XI, que ofrece impresionantes vistas de la ciudad y el mar. Cuenta con hermosos patios, jardines y arquitectura hist\u00f3rica.<\/li>\n<li><strong>Castillo de Gibralfaro<\/strong>: Una fortaleza medieval ubicada en una colina sobre la Alcazaba. Proporciona vistas panor\u00e1micas de M\u00e1laga y la costa, y alberga un peque\u00f1o museo sobre su historia.<\/li>\n<li><strong>Catedral de M\u00e1laga<\/strong>: Conocida como \u00abLa Manquita\u00bb (La Dama Coja) debido a su torre sur inacabada, esta majestuosa catedral de estilo renacentista es uno de los edificios m\u00e1s emblem\u00e1ticos de la ciudad.<\/li>\n<li><strong>Teatro Romano<\/strong>: De origen romano, del siglo I a.C., este antiguo sitio es uno de los monumentos m\u00e1s antiguos de M\u00e1laga. Fue redescubierto en 1951 y ahora est\u00e1 abierto al p\u00fablico.<\/li>\n<li><strong>Museo Picasso<\/strong>: Dedicado al famoso pintor Pablo Picasso, nacido en M\u00e1laga. El museo alberga una extensa colecci\u00f3n de sus obras y ofrece una visi\u00f3n de su evoluci\u00f3n art\u00edstica.<\/li>\n<\/ol>\n<\/li>\n<\/ol>\n<p>[\/vc_cta][vc_empty_space][vc_raw_js]JTNDc2NyaXB0JTIwYXN5bmMlMjBzcmMlM0QlMjJodHRwcyUzQSUyRiUyRmM4OS50cmF2ZWxwYXlvdXRzLmNvbSUyRmNvbnRlbnQlM0ZjdXJyZW5jeSUzREVVUiUyNnRycyUzRDE4NTI2MSUyNnNobWFya2VyJTNEMjQwMDEwJTI2cHJvZHVjdCUzRDExMDA2ODUlMjUyQzk3ODE1NCUyNTJDOTc0NzA4JTI1MkMxMDMzMTczJTI1MkMxMDA2MjU1JTI2bGFuZ3VhZ2UlM0RlcyUyNmxheW91dCUzRHZlcnRpY2FsJTI2cG93ZXJlZF9ieSUzRGZhbHNlJTI2cHJvbW9faWQlM0QzOTQ4JTIyJTIwY2hhcnNldCUzRCUyMnV0Zi04JTIyJTNFJTNDJTJGc2NyaXB0JTNF[\/vc_raw_js][vc_raw_js]JTNDc2NyaXB0JTIwYXN5bmMlMjBzcmMlM0QlMjJodHRwcyUzQSUyRiUyRmM4OS50cmF2ZWxwYXlvdXRzLmNvbSUyRmNvbnRlbnQlM0ZjdXJyZW5jeSUzREVVUiUyNnRycyUzRDE4NTI2MSUyNnNobWFya2VyJTNEMjQwMDEwJTI2cHJvZHVjdCUzRDEwMDIzMjYlMjUyQzk3ODE1NiUyNTJDMTA4NzMyMSUyNTJDMTAwNjIyMSUyNTJDOTc0NjgxJTI2bGFuZ3VhZ2UlM0RlcyUyNmxheW91dCUzRHZlcnRpY2FsJTI2cG93ZXJlZF9ieSUzRGZhbHNlJTI2cHJvbW9faWQlM0QzOTQ4JTIyJTIwY2hhcnNldCUzRCUyMnV0Zi04JTIyJTNFJTNDJTJGc2NyaXB0JTNF[\/vc_raw_js][\/vc_column][\/vc_row][vc_row][vc_column][vc_message message_box_style=\u00bboutline\u00bb message_box_color=\u00bbalert-warning\u00bb]<strong>M\u00e1laga, una de las ciudades m\u00e1s antiguas de Europa<\/strong>, fue fundada por los fenicios alrededor del 770 a.C. bajo el nombre de Malaka. A lo largo de los siglos, estuvo gobernada por los cartagineses, romanos y moros, cada uno dejando su huella en la arquitectura y cultura de la ciudad.<\/p>\n<p>&nbsp;<\/p>\n<p>Durante el dominio romano, M\u00e1laga se convirti\u00f3 en un importante centro comercial, como lo demuestra el bien conservado Teatro Romano. Los moros fortificaron la ciudad con impresionantes estructuras como la Alcazaba y el Castillo de Gibralfaro, que a\u00fan se mantienen en pie. En 1487, M\u00e1laga fue conquistada por los Reyes Cat\u00f3licos, marcando el fin del dominio musulm\u00e1n y el comienzo de su integraci\u00f3n en la Espa\u00f1a cristiana.<\/p>\n<p>&nbsp;<\/p>\n<p>Hoy en d\u00eda, M\u00e1laga es una vibrante ciudad costera conocida por su rica historia, su impresionante arquitectura y como el lugar de nacimiento de Pablo Picasso.[\/vc_message][\/vc_column][\/vc_row]<\/p>\n<\/div>","protected":false},"excerpt":{"rendered":"<p>[vc_row][vc_column css=\u00bb.vc_custom_1738278216339{background-color: #f8c335 !important;background-position: center !important;background-repeat: no-repeat !important;background-size: cover !important;}\u00bb][vc_row_inner][vc_column_inner width=\u00bb1\/3&#8243;][vc_raw_js]JTNDc2NyaXB0JTIwYXN5bmMlMjBzcmMlM0QlMjJodHRwcyUzQSUyRiUyRmM4OS50cmF2ZWxwYXlvdXRzLmNvbSUyRmNvbnRlbnQlM0ZjdXJyZW5jeSUzREVVUiUyNnRycyUzRDE4NTI2MSUyNnNobWFya2VyJTNEMjQwMDEwJTI2cHJvZHVjdCUzRDk3ODYzNSUyNmxhbmd1YWdlJTNEZXMlMjZsYXlvdXQlM0R2ZXJ0aWNhbCUyNnBvd2VyZWRfYnklM0RmYWxzZSUyNnByb21vX2lkJTNEMzk0OCUyMiUyMGNoYXJzZXQlM0QlMjJ1dGYtOCUyMiUzRSUzQyUyRnNjcmlwdCUzRQ==[\/vc_raw_js][\/vc_column_inner][vc_column_inner width=\u00bb1\/3&#8243;][vc_raw_js]JTNDc2NyaXB0JTIwYXN5bmMlMjBzcmMlM0QlMjJodHRwcyUzQSUyRiUyRmM4OS50cmF2ZWxwYXlvdXRzLmNvbSUyRmNvbnRlbnQlM0ZjdXJyZW5jeSUzREVVUiUyNnRycyUzRDE4NTI2MSUyNnNobWFya2VyJTNEMjQwMDEwJTI2cHJvZHVjdCUzRDEwMDMwODUlMjZsYW5ndWFnZSUzRGVzJTI2bGF5b3V0JTNEdmVydGljYWwlMjZwb3dlcmVkX2J5JTNEZmFsc2UlMjZwcm9tb19pZCUzRDM5NDglMjIlMjBjaGFyc2V0JTNEJTIydXRmLTglMjIlM0UlM0MlMkZzY3JpcHQlM0U=[\/vc_raw_js][\/vc_column_inner][vc_column_inner width=\u00bb1\/3&#8243;][vc_raw_js]JTNDc2NyaXB0JTIwYXN5bmMlMjBzcmMlM0QlMjJodHRwcyUzQSUyRiUyRmM4OS50cmF2ZWxwYXlvdXRzLmNvbSUyRmNvbnRlbnQlM0ZjdXJyZW5jeSUzREVVUiUyNnRycyUzRDE4NTI2MSUyNnNobWFya2VyJTNEMjQwMDEwJTI2cHJvZHVjdCUzRDExMDA2ODUlMjZsYW5ndWFnZSUzRGVzJTI2bGF5b3V0JTNEdmVydGljYWwlMjZwb3dlcmVkX2J5JTNEZmFsc2UlMjZwcm9tb19pZCUzRDM5NDglMjIlMjBjaGFyc2V0JTNEJTIydXRmLTglMjIlM0UlM0MlMkZzY3JpcHQlM0U=[\/vc_raw_js][\/vc_column_inner][\/vc_row_inner][\/vc_column][\/vc_row][vc_row][vc_column][vc_empty_space][vc_raw_js]JTNDc2NyaXB0JTIwYXN5bmMlMjBzcmMlM0QlMjJodHRwcyUzQSUyRiUyRmM4OS50cmF2ZWxwYXlvdXRzLmNvbSUyRmNvbnRlbnQlM0ZjdXJyZW5jeSUzREVVUiUyNnRycyUzRDE4NTI2MSUyNnNobWFya2VyJTNEMjQwMDEwJTI2cHJvZHVjdCUzRDk3NDY1MiUyNTJDOTc4NjM1JTI1MkM5NzQ2NTElMjUyQzEwMzA2MTYlMjUyQzEwMDY0ODYlMjZsYW5ndWFnZSUzRGVzJTI2bGF5b3V0JTNEdmVydGljYWwlMjZwb3dlcmVkX2J5JTNEZmFsc2UlMjZwcm9tb19pZCUzRDM5NDglMjIlMjBjaGFyc2V0JTNEJTIydXRmLTglMjIlM0UlM0MlMkZzY3JpcHQlM0U=[\/vc_raw_js][vc_empty_space][vc_cta h2=\u00bbAqu\u00ed est\u00e1n cinco de los principales monumentos de M\u00e1laga:\u00bb style=\u00bbcustom\u00bb custom_background=\u00bb#f8c335&#8243;] Alcazaba de M\u00e1laga: Una fortaleza morisca bien conservada del siglo XI, que ofrece impresionantes vistas de la ciudad y el mar. Cuenta con hermosos patios, jardines y arquitectura hist\u00f3rica. Castillo de [&hellip;]<\/p>\n","protected":false},"author":1,"featured_media":0,"parent":0,"menu_order":0,"comment_status":"closed","ping_status":"closed","template":"","meta":{"_monsterinsights_skip_tracking":false,"_monsterinsights_sitenote_active":false,"_monsterinsights_sitenote_note":"","_monsterinsights_sitenote_category":0,"footnotes":""},"class_list":["post-6103","page","type-page","status-publish","hentry"],"aioseo_notices":[],"yoast_head":"<!-- This site is optimized with the Yoast SEO plugin v26.5 - https:\/\/yoast.com\/wordpress\/plugins\/seo\/ -->\n<title>Mejores atracciones de M\u00e1laga - VisitMalaga.eu<\/title>\n<meta name=\"description\" content=\"M\u00e1laga ofrece una amplia gama de actividades de ocio y diversi\u00f3n que garantizan una experiencia inolvidable.\" \/>\n<meta name=\"robots\" content=\"index, follow, max-snippet:-1, max-image-preview:large, max-video-preview:-1\" \/>\n<link rel=\"canonical\" href=\"https:\/\/visitmalaga.eu\/es\/atracciones\/\" \/>\n<meta property=\"og:locale\" content=\"es_ES\" \/>\n<meta property=\"og:type\" content=\"article\" \/>\n<meta property=\"og:title\" content=\"Mejores atracciones de M\u00e1laga - VisitMalaga.eu\" \/>\n<meta property=\"og:description\" content=\"M\u00e1laga ofrece una amplia gama de actividades de ocio y diversi\u00f3n que garantizan una experiencia inolvidable.\" \/>\n<meta property=\"og:url\" content=\"https:\/\/visitmalaga.eu\/es\/atracciones\/\" \/>\n<meta property=\"og:site_name\" content=\"VisitMalaga.eu\" \/>\n<meta property=\"article:modified_time\" content=\"2025-02-01T10:50:02+00:00\" \/>\n<meta name=\"twitter:card\" content=\"summary_large_image\" \/>\n<meta name=\"twitter:label1\" content=\"Tiempo de lectura\" \/>\n\t<meta name=\"twitter:data1\" content=\"2 minutos\" \/>\n<script type=\"application\/ld+json\" class=\"yoast-schema-graph\">{\"@context\":\"https:\/\/schema.org\",\"@graph\":[{\"@type\":\"WebPage\",\"@id\":\"https:\/\/visitmalaga.eu\/es\/atracciones\/\",\"url\":\"https:\/\/visitmalaga.eu\/es\/atracciones\/\",\"name\":\"Mejores atracciones de M\u00e1laga - VisitMalaga.eu\",\"isPartOf\":{\"@id\":\"https:\/\/visitmalaga.eu\/es\/#website\"},\"datePublished\":\"2019-04-25T10:32:30+00:00\",\"dateModified\":\"2025-02-01T10:50:02+00:00\",\"description\":\"M\u00e1laga ofrece una amplia gama de actividades de ocio y diversi\u00f3n que garantizan una experiencia inolvidable.\",\"breadcrumb\":{\"@id\":\"https:\/\/visitmalaga.eu\/es\/atracciones\/#breadcrumb\"},\"inLanguage\":\"es\",\"potentialAction\":[{\"@type\":\"ReadAction\",\"target\":[\"https:\/\/visitmalaga.eu\/es\/atracciones\/\"]}]},{\"@type\":\"BreadcrumbList\",\"@id\":\"https:\/\/visitmalaga.eu\/es\/atracciones\/#breadcrumb\",\"itemListElement\":[{\"@type\":\"ListItem\",\"position\":1,\"name\":\"Home\",\"item\":\"https:\/\/visitmalaga.eu\/es\/\"},{\"@type\":\"ListItem\",\"position\":2,\"name\":\"Mejores atracciones de M\u00e1laga\"}]},{\"@type\":\"WebSite\",\"@id\":\"https:\/\/visitmalaga.eu\/es\/#website\",\"url\":\"https:\/\/visitmalaga.eu\/es\/\",\"name\":\"VisitMalaga.eu\",\"description\":\"M\u00e1laga\",\"publisher\":{\"@id\":\"https:\/\/visitmalaga.eu\/es\/#organization\"},\"potentialAction\":[{\"@type\":\"SearchAction\",\"target\":{\"@type\":\"EntryPoint\",\"urlTemplate\":\"https:\/\/visitmalaga.eu\/es\/?s={search_term_string}\"},\"query-input\":{\"@type\":\"PropertyValueSpecification\",\"valueRequired\":true,\"valueName\":\"search_term_string\"}}],\"inLanguage\":\"es\"},{\"@type\":\"Organization\",\"@id\":\"https:\/\/visitmalaga.eu\/es\/#organization\",\"name\":\"VisitMalaga.eu\",\"url\":\"https:\/\/visitmalaga.eu\/es\/\",\"logo\":{\"@type\":\"ImageObject\",\"inLanguage\":\"es\",\"@id\":\"https:\/\/visitmalaga.eu\/es\/#\/schema\/logo\/image\/\",\"url\":\"https:\/\/visitmalaga.eu\/wp-content\/uploads\/2022\/08\/cropped-visitMalaga_white.png\",\"contentUrl\":\"https:\/\/visitmalaga.eu\/wp-content\/uploads\/2022\/08\/cropped-visitMalaga_white.png\",\"width\":500,\"height\":152,\"caption\":\"VisitMalaga.eu\"},\"image\":{\"@id\":\"https:\/\/visitmalaga.eu\/es\/#\/schema\/logo\/image\/\"}}]}<\/script>\n<!-- \/ Yoast SEO plugin. -->","yoast_head_json":{"title":"Mejores atracciones de M\u00e1laga - VisitMalaga.eu","description":"M\u00e1laga ofrece una amplia gama de actividades de ocio y diversi\u00f3n que garantizan una experiencia inolvidable.","robots":{"index":"index","follow":"follow","max-snippet":"max-snippet:-1","max-image-preview":"max-image-preview:large","max-video-preview":"max-video-preview:-1"},"canonical":"https:\/\/visitmalaga.eu\/es\/atracciones\/","og_locale":"es_ES","og_type":"article","og_title":"Mejores atracciones de M\u00e1laga - VisitMalaga.eu","og_description":"M\u00e1laga ofrece una amplia gama de actividades de ocio y diversi\u00f3n que garantizan una experiencia inolvidable.","og_url":"https:\/\/visitmalaga.eu\/es\/atracciones\/","og_site_name":"VisitMalaga.eu","article_modified_time":"2025-02-01T10:50:02+00:00","twitter_card":"summary_large_image","twitter_misc":{"Tiempo de lectura":"2 minutos"},"schema":{"@context":"https:\/\/schema.org","@graph":[{"@type":"WebPage","@id":"https:\/\/visitmalaga.eu\/es\/atracciones\/","url":"https:\/\/visitmalaga.eu\/es\/atracciones\/","name":"Mejores atracciones de M\u00e1laga - VisitMalaga.eu","isPartOf":{"@id":"https:\/\/visitmalaga.eu\/es\/#website"},"datePublished":"2019-04-25T10:32:30+00:00","dateModified":"2025-02-01T10:50:02+00:00","description":"M\u00e1laga ofrece una amplia gama de actividades de ocio y diversi\u00f3n que garantizan una experiencia inolvidable.","breadcrumb":{"@id":"https:\/\/visitmalaga.eu\/es\/atracciones\/#breadcrumb"},"inLanguage":"es","potentialAction":[{"@type":"ReadAction","target":["https:\/\/visitmalaga.eu\/es\/atracciones\/"]}]},{"@type":"BreadcrumbList","@id":"https:\/\/visitmalaga.eu\/es\/atracciones\/#breadcrumb","itemListElement":[{"@type":"ListItem","position":1,"name":"Home","item":"https:\/\/visitmalaga.eu\/es\/"},{"@type":"ListItem","position":2,"name":"Mejores atracciones de M\u00e1laga"}]},{"@type":"WebSite","@id":"https:\/\/visitmalaga.eu\/es\/#website","url":"https:\/\/visitmalaga.eu\/es\/","name":"VisitMalaga.eu","description":"M\u00e1laga","publisher":{"@id":"https:\/\/visitmalaga.eu\/es\/#organization"},"potentialAction":[{"@type":"SearchAction","target":{"@type":"EntryPoint","urlTemplate":"https:\/\/visitmalaga.eu\/es\/?s={search_term_string}"},"query-input":{"@type":"PropertyValueSpecification","valueRequired":true,"valueName":"search_term_string"}}],"inLanguage":"es"},{"@type":"Organization","@id":"https:\/\/visitmalaga.eu\/es\/#organization","name":"VisitMalaga.eu","url":"https:\/\/visitmalaga.eu\/es\/","logo":{"@type":"ImageObject","inLanguage":"es","@id":"https:\/\/visitmalaga.eu\/es\/#\/schema\/logo\/image\/","url":"https:\/\/visitmalaga.eu\/wp-content\/uploads\/2022\/08\/cropped-visitMalaga_white.png","contentUrl":"https:\/\/visitmalaga.eu\/wp-content\/uploads\/2022\/08\/cropped-visitMalaga_white.png","width":500,"height":152,"caption":"VisitMalaga.eu"},"image":{"@id":"https:\/\/visitmalaga.eu\/es\/#\/schema\/logo\/image\/"}}]}},"jetpack_sharing_enabled":true,"_links":{"self":[{"href":"https:\/\/visitmalaga.eu\/es\/wp-json\/wp\/v2\/pages\/6103","targetHints":{"allow":["GET"]}}],"collection":[{"href":"https:\/\/visitmalaga.eu\/es\/wp-json\/wp\/v2\/pages"}],"about":[{"href":"https:\/\/visitmalaga.eu\/es\/wp-json\/wp\/v2\/types\/page"}],"author":[{"embeddable":true,"href":"https:\/\/visitmalaga.eu\/es\/wp-json\/wp\/v2\/users\/1"}],"replies":[{"embeddable":true,"href":"https:\/\/visitmalaga.eu\/es\/wp-json\/wp\/v2\/comments?post=6103"}],"version-history":[{"count":6,"href":"https:\/\/visitmalaga.eu\/es\/wp-json\/wp\/v2\/pages\/6103\/revisions"}],"predecessor-version":[{"id":6141,"href":"https:\/\/visitmalaga.eu\/es\/wp-json\/wp\/v2\/pages\/6103\/revisions\/6141"}],"wp:attachment":[{"href":"https:\/\/visitmalaga.eu\/es\/wp-json\/wp\/v2\/media?parent=6103"}],"curies":[{"name":"wp","href":"https:\/\/api.w.org\/{rel}","templated":true}]}}